{"id":90,"date":"2023-06-19T11:16:10","date_gmt":"2023-06-19T09:16:10","guid":{"rendered":"https:\/\/www.treogsant.no\/?post_type=product&#038;p=90"},"modified":"2026-03-04T10:47:13","modified_gmt":"2026-03-04T09:47:13","slug":"flytende-naturlig-voksolje","status":"publish","type":"product","link":"https:\/\/www.treogsant.no\/index.php\/produkt\/flytende-naturlig-voksolje\/","title":{"rendered":"Flytende naturlig voksolje"},"content":{"rendered":"<p>Til pleie av skj\u00e6refj\u00f8ler eller annet vokset treverk.<\/p>\n<p>Flytende naturlig voksolje er tyktflytende i konsistensen og p\u00e5f\u00f8res fyldig med papir eller en fille for \u00e5 beskytte treet i dybden og begrense inntrenging av andre vesker.<br \/>\nP\u00e5f\u00f8r mer voksolje v\u00e5tt i v\u00e5tt der du ser det trekker fort inn og blir t\u00f8rt. La voksoljen ligge p\u00e5 og trekke inn, gjerne over natten, og t\u00f8rk av overfl\u00f8dig olje med med en t\u00f8rr fille eller mykt papir som ikke loer.<\/p>\n<p>For en mer varig beskyttelse av treverket kan den faste oljevoksen p\u00e5f\u00f8res i etterp\u00e5. Denne lukker i porene i treoverflaten og gir en flott gl\u00f8d og glans i overflaten.<\/p>\n<p>Behandlingen gjentas n\u00e5r overflaten f\u00f8les t\u00f8rr eller slitt.<br \/>\nGjevnlig vedlikhold forlenger levetiden og gj\u00f8r at produktene se nye og fine ut i mange mange \u00e5r.<\/p>\n","protected":false},"excerpt":{"rendered":"<p>Til pleie av skj\u00e6refj\u00f8ler og annet oljet eller vokset treverk.<\/p>\n","protected":false},"featured_media":608,"comment_status":"open","ping_status":"closed","template":"","meta":[],"product_brand":[],"product_cat":[59,19,20,58],"product_tag":[25,21,23,26,24,22],"class_list":{"0":"post-90","1":"product","2":"type-product","3":"status-publish","4":"has-post-thumbnail","6":"product_cat-hole","7":"product_cat-interiorprodukter","8":"product_cat-trepleie","9":"product_cat-valderoya","10":"product_tag-bivoks","11":"product_tag-olje","12":"product_tag-oljevoks","13":"product_tag-skjaerefjololje","14":"product_tag-trepleie","15":"product_tag-voks","17":"first","18":"instock","19":"taxable","20":"shipping-taxable","21":"purchasable","22":"product-type-variable"},"_links":{"self":[{"href":"https:\/\/www.treogsant.no\/index.php\/wp-json\/wp\/v2\/product\/90","targetHints":{"allow":["GET"]}}],"collection":[{"href":"https:\/\/www.treogsant.no\/index.php\/wp-json\/wp\/v2\/product"}],"about":[{"href":"https:\/\/www.treogsant.no\/index.php\/wp-json\/wp\/v2\/types\/product"}],"replies":[{"embeddable":true,"href":"https:\/\/www.treogsant.no\/index.php\/wp-json\/wp\/v2\/comments?post=90"}],"wp:featuredmedia":[{"embeddable":true,"href":"https:\/\/www.treogsant.no\/index.php\/wp-json\/wp\/v2\/media\/608"}],"wp:attachment":[{"href":"https:\/\/www.treogsant.no\/index.php\/wp-json\/wp\/v2\/media?parent=90"}],"wp:term":[{"taxonomy":"product_brand","embeddable":true,"href":"https:\/\/www.treogsant.no\/index.php\/wp-json\/wp\/v2\/product_brand?post=90"},{"taxonomy":"product_cat","embeddable":true,"href":"https:\/\/www.treogsant.no\/index.php\/wp-json\/wp\/v2\/product_cat?post=90"},{"taxonomy":"product_tag","embeddable":true,"href":"https:\/\/www.treogsant.no\/index.php\/wp-json\/wp\/v2\/product_tag?post=90"}],"curies":[{"name":"wp","href":"https:\/\/api.w.org\/{rel}","templated":true}]}}