{"id":793,"date":"2025-11-23T22:41:41","date_gmt":"2025-11-23T21:41:41","guid":{"rendered":"https:\/\/www.treogsant.no\/?post_type=product&#038;p=793"},"modified":"2026-01-02T22:28:05","modified_gmt":"2026-01-02T21:28:05","slug":"tilbehorspakke","status":"publish","type":"product","link":"https:\/\/www.treogsant.no\/index.php\/produkt\/tilbehorspakke\/","title":{"rendered":"Tilbeh\u00f8rspakke"},"content":{"rendered":"<p>Tilbeh\u00f8rspakke som inneholder;<\/p>\n<ul>\n<li><strong>Holder etter st\u00f8tte for \u00e5 holde skj\u00e6refj\u00f8ler eller pizzafj\u00f8ler st\u00e5ende p\u00e5 benken<\/strong>. S\u00f8rger for god lufting p\u00e5 begge sider mens fj\u00f8len t\u00f8rker etter bruk, og viser ogs\u00e5 frem en flott fj\u00f8l p\u00e5 en fin m\u00e5te.<br \/>\nLeveres i lys bj\u00f8rk eller brunbeiset utf\u00f8relse.<\/li>\n<li><strong>100 ml eller 250 ml flytede voksolje<\/strong> til pleie av skj\u00e6refj\u00f8ler eller annet vokset treverk.Flytende naturlig voksolje er tyktflytende i konsistensen og p\u00e5f\u00f8res fyldig med papir eller en fille for \u00e5 beskytte treet i dybden og begrense inntrenging av andre vesker.<br \/>\nP\u00e5f\u00f8r mer voksolje v\u00e5tt i v\u00e5tt der du ser det trekker fort inn og blir t\u00f8rt. La voksoljen ligge p\u00e5 og trekke inn, gjerne over natten, og t\u00f8rk av overfl\u00f8dig olje med med en t\u00f8rr fille eller mykt papir som ikke loer.For en mer varig beskyttelse av treverket kan den faste oljevoksen p\u00e5f\u00f8res i etterp\u00e5. Denne lukker i porene i treoverflaten og gir en flott gl\u00f8d og glans i overflaten.<\/li>\n<li><strong>50 lm eller 150 ml fast oljevoks<\/strong><br \/>\nOljevoksen er fast i konsistensen og p\u00e5f\u00f8res med papir eller en fille for \u00e5 tette porene i treet og gi en beskyttende overflate med flott gl\u00f8d.<br \/>\nLa voksne trekke inn, gjerne over natten, og pol\u00e9r overflaten med en t\u00f8rr fille eller mykt papir som ikke loer.<\/li>\n<\/ul>\n<p>Behandlingen gjentas n\u00e5r overflaten f\u00f8les t\u00f8rr eller slitt.<br \/>\nGjevnlig vedlikhold forlenger levetiden og gj\u00f8r at produktene se nye og fine ut i mange mange \u00e5r.<\/p>\n<p>&nbsp;<\/p>\n","protected":false},"excerpt":{"rendered":"<p>Tilbeh\u00f8rspakke som inneholder; Holder etter st\u00f8tte for \u00e5 holde skj\u00e6refj\u00f8ler eller pizzafj\u00f8ler st\u00e5ende p\u00e5 benken. S\u00f8rger for god lufting p\u00e5 begge sider mens fj\u00f8len t\u00f8rker etter bruk, og viser ogs\u00e5 frem en flott fj\u00f8l p\u00e5 en fin m\u00e5te. Leveres i lys bj\u00f8rk eller brunbeiset utf\u00f8relse. 100 ml eller 250 ml flytede voksolje til pleie av [&hellip;]<\/p>\n","protected":false},"featured_media":783,"comment_status":"closed","ping_status":"closed","template":"","meta":[],"product_brand":[],"product_cat":[19,60,20,58],"product_tag":[38,37],"class_list":{"0":"post-793","1":"product","2":"type-product","3":"status-publish","4":"has-post-thumbnail","6":"product_cat-interiorprodukter","7":"product_cat-skjaerefjol","8":"product_cat-trepleie","9":"product_cat-valderoya","10":"product_tag-endeved","11":"product_tag-skjaerefjol","13":"first","14":"instock","15":"sale","16":"taxable","17":"shipping-taxable","18":"purchasable","19":"product-type-variable"},"_links":{"self":[{"href":"https:\/\/www.treogsant.no\/index.php\/wp-json\/wp\/v2\/product\/793","targetHints":{"allow":["GET"]}}],"collection":[{"href":"https:\/\/www.treogsant.no\/index.php\/wp-json\/wp\/v2\/product"}],"about":[{"href":"https:\/\/www.treogsant.no\/index.php\/wp-json\/wp\/v2\/types\/product"}],"replies":[{"embeddable":true,"href":"https:\/\/www.treogsant.no\/index.php\/wp-json\/wp\/v2\/comments?post=793"}],"wp:featuredmedia":[{"embeddable":true,"href":"https:\/\/www.treogsant.no\/index.php\/wp-json\/wp\/v2\/media\/783"}],"wp:attachment":[{"href":"https:\/\/www.treogsant.no\/index.php\/wp-json\/wp\/v2\/media?parent=793"}],"wp:term":[{"taxonomy":"product_brand","embeddable":true,"href":"https:\/\/www.treogsant.no\/index.php\/wp-json\/wp\/v2\/product_brand?post=793"},{"taxonomy":"product_cat","embeddable":true,"href":"https:\/\/www.treogsant.no\/index.php\/wp-json\/wp\/v2\/product_cat?post=793"},{"taxonomy":"product_tag","embeddable":true,"href":"https:\/\/www.treogsant.no\/index.php\/wp-json\/wp\/v2\/product_tag?post=793"}],"curies":[{"name":"wp","href":"https:\/\/api.w.org\/{rel}","templated":true}]}}