{"id":789,"date":"2025-11-23T21:54:13","date_gmt":"2025-11-23T20:54:13","guid":{"rendered":"https:\/\/www.treogsant.no\/?post_type=product&#038;p=789"},"modified":"2025-11-27T10:04:51","modified_gmt":"2025-11-27T09:04:51","slug":"skjaerefjolholder","status":"publish","type":"product","link":"https:\/\/www.treogsant.no\/index.php\/produkt\/skjaerefjolholder\/","title":{"rendered":"Skj\u00e6refj\u00f8lholder"},"content":{"rendered":"<p>Holder etter st\u00f8tte for \u00e5 holde skj\u00e6refj\u00f8ler eller pizzafj\u00f8ler st\u00e5ende p\u00e5 benken. S\u00f8rger for god lufting p\u00e5 begge sider mens fj\u00f8len t\u00f8rker etter bruk, og viser ogs\u00e5 frem en flott fj\u00f8l p\u00e5 en fin m\u00e5te.<\/p>\n<p>Leveres i lys bj\u00f8rk eller brunbeiset utf\u00f8relse.<\/p>\n","protected":false},"excerpt":{"rendered":"<p>Holder etter st\u00f8tte for \u00e5 holde skj\u00e6refj\u00f8ler eller pizzafj\u00f8ler st\u00e5ende p\u00e5 benken. S\u00f8rger for god lufting p\u00e5 begge sider mens fj\u00f8len t\u00f8rker etter bruk, og viser ogs\u00e5 frem en flott fj\u00f8l p\u00e5 en fin m\u00e5te. Leveres i lys bj\u00f8rk eller brunbeiset utf\u00f8relse.<\/p>\n","protected":false},"featured_media":776,"comment_status":"closed","ping_status":"closed","template":"","meta":[],"product_brand":[],"product_cat":[19,60,58],"product_tag":[38,37],"class_list":{"0":"post-789","1":"product","2":"type-product","3":"status-publish","4":"has-post-thumbnail","6":"product_cat-interiorprodukter","7":"product_cat-skjaerefjol","8":"product_cat-valderoya","9":"product_tag-endeved","10":"product_tag-skjaerefjol","12":"first","13":"instock","14":"taxable","15":"shipping-taxable","16":"purchasable","17":"product-type-variable"},"_links":{"self":[{"href":"https:\/\/www.treogsant.no\/index.php\/wp-json\/wp\/v2\/product\/789","targetHints":{"allow":["GET"]}}],"collection":[{"href":"https:\/\/www.treogsant.no\/index.php\/wp-json\/wp\/v2\/product"}],"about":[{"href":"https:\/\/www.treogsant.no\/index.php\/wp-json\/wp\/v2\/types\/product"}],"replies":[{"embeddable":true,"href":"https:\/\/www.treogsant.no\/index.php\/wp-json\/wp\/v2\/comments?post=789"}],"wp:featuredmedia":[{"embeddable":true,"href":"https:\/\/www.treogsant.no\/index.php\/wp-json\/wp\/v2\/media\/776"}],"wp:attachment":[{"href":"https:\/\/www.treogsant.no\/index.php\/wp-json\/wp\/v2\/media?parent=789"}],"wp:term":[{"taxonomy":"product_brand","embeddable":true,"href":"https:\/\/www.treogsant.no\/index.php\/wp-json\/wp\/v2\/product_brand?post=789"},{"taxonomy":"product_cat","embeddable":true,"href":"https:\/\/www.treogsant.no\/index.php\/wp-json\/wp\/v2\/product_cat?post=789"},{"taxonomy":"product_tag","embeddable":true,"href":"https:\/\/www.treogsant.no\/index.php\/wp-json\/wp\/v2\/product_tag?post=789"}],"curies":[{"name":"wp","href":"https:\/\/api.w.org\/{rel}","templated":true}]}}