{"id":760,"date":"2025-11-20T21:30:18","date_gmt":"2025-11-20T20:30:18","guid":{"rendered":"https:\/\/www.treogsant.no\/?post_type=product&#038;p=760"},"modified":"2025-11-20T21:37:41","modified_gmt":"2025-11-20T20:37:41","slug":"pizzafjol-amanda-valnott-og-lokal-bjork-2","status":"publish","type":"product","link":"https:\/\/www.treogsant.no\/index.php\/produkt\/pizzafjol-amanda-valnott-og-lokal-bjork-2\/","title":{"rendered":"Pizzafj\u00f8l Amanda &#8211; valn\u00f8tt og lokal bj\u00f8rk."},"content":{"rendered":"<p>Pizzafj\u00f8l laget av valn\u00f8tt og lokal bj\u00f8rk fra Valder\u00f8ya.<br \/>\nFungerer ogs\u00e5 fint som tapas- eller ostebrett.<\/p>\n<p>Denne fj\u00f8len er utstilt hos Hole Kj\u00f8tt AS i \u00c5lesund og kan sees og kj\u00f8pes der. Den kan ogs\u00e5 bestilles i nettbutikken som vanlig.<\/p>\n","protected":false},"excerpt":{"rendered":"<p>Pizzafj\u00f8l laget av valn\u00f8tt og lokal bj\u00f8rk fra Valder\u00f8ya.<br \/>\nFungerer ogs\u00e5 fint som tapas- eller ostebrett.<\/p>\n","protected":false},"featured_media":749,"comment_status":"open","ping_status":"closed","template":"","meta":[],"product_brand":[],"product_cat":[59,19],"product_tag":[32,34,33,36,35],"class_list":{"0":"post-760","1":"product","2":"type-product","3":"status-publish","4":"has-post-thumbnail","6":"product_cat-hole","7":"product_cat-interiorprodukter","8":"product_tag-pizza","9":"product_tag-pizzabrett","10":"product_tag-pizzafjol","11":"product_tag-pizzaspade","12":"product_tag-serveringsbrett","14":"first","15":"instock","16":"featured","17":"taxable","18":"shipping-taxable","19":"purchasable","20":"product-type-simple"},"_links":{"self":[{"href":"https:\/\/www.treogsant.no\/index.php\/wp-json\/wp\/v2\/product\/760","targetHints":{"allow":["GET"]}}],"collection":[{"href":"https:\/\/www.treogsant.no\/index.php\/wp-json\/wp\/v2\/product"}],"about":[{"href":"https:\/\/www.treogsant.no\/index.php\/wp-json\/wp\/v2\/types\/product"}],"replies":[{"embeddable":true,"href":"https:\/\/www.treogsant.no\/index.php\/wp-json\/wp\/v2\/comments?post=760"}],"wp:featuredmedia":[{"embeddable":true,"href":"https:\/\/www.treogsant.no\/index.php\/wp-json\/wp\/v2\/media\/749"}],"wp:attachment":[{"href":"https:\/\/www.treogsant.no\/index.php\/wp-json\/wp\/v2\/media?parent=760"}],"wp:term":[{"taxonomy":"product_brand","embeddable":true,"href":"https:\/\/www.treogsant.no\/index.php\/wp-json\/wp\/v2\/product_brand?post=760"},{"taxonomy":"product_cat","embeddable":true,"href":"https:\/\/www.treogsant.no\/index.php\/wp-json\/wp\/v2\/product_cat?post=760"},{"taxonomy":"product_tag","embeddable":true,"href":"https:\/\/www.treogsant.no\/index.php\/wp-json\/wp\/v2\/product_tag?post=760"}],"curies":[{"name":"wp","href":"https:\/\/api.w.org\/{rel}","templated":true}]}}