{"id":708,"date":"2025-10-17T22:37:28","date_gmt":"2025-10-17T20:37:28","guid":{"rendered":"https:\/\/www.treogsant.no\/?post_type=product&#038;p=708"},"modified":"2025-10-23T12:28:56","modified_gmt":"2025-10-23T10:28:56","slug":"skjaerefjol-i-eik-endeved-med-bbq-motiv","status":"publish","type":"product","link":"https:\/\/www.treogsant.no\/index.php\/produkt\/skjaerefjol-i-eik-endeved-med-bbq-motiv\/","title":{"rendered":"Skj\u00e6refj\u00f8l i eik endeved med BBQ-motiv"},"content":{"rendered":"<p>Skj\u00e6refj\u00f8l i eik endeved med innlagt BBQ-motiv i valn\u00f8tt.<\/p>\n<p>Denne fj\u00f8len er utstilt hos Hole Kj\u00f8tt AS i \u00c5lesund og kan sees og kj\u00f8pes der. Den kan ogs\u00e5 bestilles i nettbutikken som vanlig.<\/p>\n","protected":false},"excerpt":{"rendered":"<p>Skj\u00e6refj\u00f8l i eik endeved med innlagt BBQ-motiv i valn\u00f8tt. Denne fj\u00f8len er utstilt hos Hole Kj\u00f8tt AS i \u00c5lesund og kan sees og kj\u00f8pes der. Den kan ogs\u00e5 bestilles i nettbutikken som vanlig.<\/p>\n","protected":false},"featured_media":714,"comment_status":"closed","ping_status":"closed","template":"","meta":[],"product_brand":[],"product_cat":[59,19,60],"product_tag":[29,38,37,53],"class_list":{"0":"post-708","1":"product","2":"type-product","3":"status-publish","4":"has-post-thumbnail","6":"product_cat-hole","7":"product_cat-interiorprodukter","8":"product_cat-skjaerefjol","9":"product_tag-bjork","10":"product_tag-endeved","11":"product_tag-skjaerefjol","12":"product_tag-valnott","14":"first","15":"instock","16":"taxable","17":"shipping-taxable","18":"purchasable","19":"product-type-simple"},"_links":{"self":[{"href":"https:\/\/www.treogsant.no\/index.php\/wp-json\/wp\/v2\/product\/708","targetHints":{"allow":["GET"]}}],"collection":[{"href":"https:\/\/www.treogsant.no\/index.php\/wp-json\/wp\/v2\/product"}],"about":[{"href":"https:\/\/www.treogsant.no\/index.php\/wp-json\/wp\/v2\/types\/product"}],"replies":[{"embeddable":true,"href":"https:\/\/www.treogsant.no\/index.php\/wp-json\/wp\/v2\/comments?post=708"}],"wp:featuredmedia":[{"embeddable":true,"href":"https:\/\/www.treogsant.no\/index.php\/wp-json\/wp\/v2\/media\/714"}],"wp:attachment":[{"href":"https:\/\/www.treogsant.no\/index.php\/wp-json\/wp\/v2\/media?parent=708"}],"wp:term":[{"taxonomy":"product_brand","embeddable":true,"href":"https:\/\/www.treogsant.no\/index.php\/wp-json\/wp\/v2\/product_brand?post=708"},{"taxonomy":"product_cat","embeddable":true,"href":"https:\/\/www.treogsant.no\/index.php\/wp-json\/wp\/v2\/product_cat?post=708"},{"taxonomy":"product_tag","embeddable":true,"href":"https:\/\/www.treogsant.no\/index.php\/wp-json\/wp\/v2\/product_tag?post=708"}],"curies":[{"name":"wp","href":"https:\/\/api.w.org\/{rel}","templated":true}]}}