{"id":70,"date":"2023-06-19T10:15:56","date_gmt":"2023-06-19T08:15:56","guid":{"rendered":"https:\/\/www.treogsant.no\/?post_type=product&#038;p=70"},"modified":"2026-04-08T18:02:31","modified_gmt":"2026-04-08T16:02:31","slug":"naturlig-oljevoks","status":"publish","type":"product","link":"https:\/\/www.treogsant.no\/index.php\/produkt\/naturlig-oljevoks\/","title":{"rendered":"Naturlig oljevoks"},"content":{"rendered":"<p>Til pleie av skj\u00e6refj\u00f8ler eller annet vokset treverk.<\/p>\n<p>Oljevoksen er fast i konsistensen og p\u00e5f\u00f8res med papir eller en fille for \u00e5 tette porene i treet og gi en beskyttende overflate med flott gl\u00f8d.<br \/>\nLa voksen trekke inn, gjerne over natten, og pol\u00e9r overflaten med en t\u00f8rr fille eller mykt papir som ikke loer.<\/p>\n<p>For en mer varig beskyttelse av treverket kan den flytende oljevoksen p\u00e5f\u00f8res i forkant. Denne trekker lengre inn i porene i treverket og beskytter i dybden.<\/p>\n","protected":false},"excerpt":{"rendered":"<p>Til pleie av skj\u00e6refj\u00f8ler og annet oljet eller vokset treverk.<\/p>\n","protected":false},"featured_media":79,"comment_status":"open","ping_status":"closed","template":"","meta":[],"product_brand":[],"product_cat":[19,20,58],"product_tag":[25,21,23,26,24,22],"class_list":{"0":"post-70","1":"product","2":"type-product","3":"status-publish","4":"has-post-thumbnail","6":"product_cat-interiorprodukter","7":"product_cat-trepleie","8":"product_cat-valderoya","9":"product_tag-bivoks","10":"product_tag-olje","11":"product_tag-oljevoks","12":"product_tag-skjaerefjololje","13":"product_tag-trepleie","14":"product_tag-voks","16":"first","17":"instock","18":"taxable","19":"shipping-taxable","20":"purchasable","21":"product-type-variable"},"_links":{"self":[{"href":"https:\/\/www.treogsant.no\/index.php\/wp-json\/wp\/v2\/product\/70","targetHints":{"allow":["GET"]}}],"collection":[{"href":"https:\/\/www.treogsant.no\/index.php\/wp-json\/wp\/v2\/product"}],"about":[{"href":"https:\/\/www.treogsant.no\/index.php\/wp-json\/wp\/v2\/types\/product"}],"replies":[{"embeddable":true,"href":"https:\/\/www.treogsant.no\/index.php\/wp-json\/wp\/v2\/comments?post=70"}],"wp:featuredmedia":[{"embeddable":true,"href":"https:\/\/www.treogsant.no\/index.php\/wp-json\/wp\/v2\/media\/79"}],"wp:attachment":[{"href":"https:\/\/www.treogsant.no\/index.php\/wp-json\/wp\/v2\/media?parent=70"}],"wp:term":[{"taxonomy":"product_brand","embeddable":true,"href":"https:\/\/www.treogsant.no\/index.php\/wp-json\/wp\/v2\/product_brand?post=70"},{"taxonomy":"product_cat","embeddable":true,"href":"https:\/\/www.treogsant.no\/index.php\/wp-json\/wp\/v2\/product_cat?post=70"},{"taxonomy":"product_tag","embeddable":true,"href":"https:\/\/www.treogsant.no\/index.php\/wp-json\/wp\/v2\/product_tag?post=70"}],"curies":[{"name":"wp","href":"https:\/\/api.w.org\/{rel}","templated":true}]}}