{"id":678,"date":"2025-10-12T18:12:17","date_gmt":"2025-10-12T16:12:17","guid":{"rendered":"https:\/\/www.treogsant.no\/?post_type=product&#038;p=678"},"modified":"2025-10-23T12:29:14","modified_gmt":"2025-10-23T10:29:14","slug":"stor-eksklusiv-skjaerefjol-i-valnott-med-innfelt-bbq-motiv","status":"publish","type":"product","link":"https:\/\/www.treogsant.no\/index.php\/produkt\/stor-eksklusiv-skjaerefjol-i-valnott-med-innfelt-bbq-motiv\/","title":{"rendered":"Stor eksklusiv skj\u00e6refj\u00f8l i valn\u00f8tt med innfelt BBQ-motiv"},"content":{"rendered":"<p>Stor eksklusiv skj\u00e6refj\u00f8l i valn\u00f8tt med innfelt BBQ-motiv i bj\u00f8rk<\/p>\n<p>Denne fj\u00f8len er utstilt hos Hole Kj\u00f8tt AS i \u00c5lesund og kan sees og kj\u00f8pes der. Den kan ogs\u00e5 bestilles i nettbutikken som vanlig.<\/p>\n","protected":false},"excerpt":{"rendered":"<p>Stor eksklusiv skj\u00e6refj\u00f8l i valn\u00f8tt med innfelt BBQ-motiv i bj\u00f8rk Denne fj\u00f8len er utstilt hos Hole Kj\u00f8tt AS i \u00c5lesund og kan sees og kj\u00f8pes der. Den kan ogs\u00e5 bestilles i nettbutikken som vanlig.<\/p>\n","protected":false},"featured_media":684,"comment_status":"open","ping_status":"closed","template":"","meta":[],"product_brand":[],"product_cat":[59,19,60],"product_tag":[29,38,37,53],"class_list":{"0":"post-678","1":"product","2":"type-product","3":"status-publish","4":"has-post-thumbnail","6":"product_cat-hole","7":"product_cat-interiorprodukter","8":"product_cat-skjaerefjol","9":"product_tag-bjork","10":"product_tag-endeved","11":"product_tag-skjaerefjol","12":"product_tag-valnott","14":"first","15":"instock","16":"featured","17":"taxable","18":"shipping-taxable","19":"purchasable","20":"product-type-simple"},"_links":{"self":[{"href":"https:\/\/www.treogsant.no\/index.php\/wp-json\/wp\/v2\/product\/678","targetHints":{"allow":["GET"]}}],"collection":[{"href":"https:\/\/www.treogsant.no\/index.php\/wp-json\/wp\/v2\/product"}],"about":[{"href":"https:\/\/www.treogsant.no\/index.php\/wp-json\/wp\/v2\/types\/product"}],"replies":[{"embeddable":true,"href":"https:\/\/www.treogsant.no\/index.php\/wp-json\/wp\/v2\/comments?post=678"}],"wp:featuredmedia":[{"embeddable":true,"href":"https:\/\/www.treogsant.no\/index.php\/wp-json\/wp\/v2\/media\/684"}],"wp:attachment":[{"href":"https:\/\/www.treogsant.no\/index.php\/wp-json\/wp\/v2\/media?parent=678"}],"wp:term":[{"taxonomy":"product_brand","embeddable":true,"href":"https:\/\/www.treogsant.no\/index.php\/wp-json\/wp\/v2\/product_brand?post=678"},{"taxonomy":"product_cat","embeddable":true,"href":"https:\/\/www.treogsant.no\/index.php\/wp-json\/wp\/v2\/product_cat?post=678"},{"taxonomy":"product_tag","embeddable":true,"href":"https:\/\/www.treogsant.no\/index.php\/wp-json\/wp\/v2\/product_tag?post=678"}],"curies":[{"name":"wp","href":"https:\/\/api.w.org\/{rel}","templated":true}]}}