{"id":597,"date":"2025-10-03T17:03:43","date_gmt":"2025-10-03T15:03:43","guid":{"rendered":"https:\/\/www.treogsant.no\/?post_type=product&#038;p=597"},"modified":"2025-10-23T12:29:18","modified_gmt":"2025-10-23T10:29:18","slug":"skjaerefjol-med-innfelt-hjort","status":"publish","type":"product","link":"https:\/\/www.treogsant.no\/index.php\/produkt\/skjaerefjol-med-innfelt-hjort\/","title":{"rendered":"Skj\u00e6refj\u00f8l med innfelt hjort"},"content":{"rendered":"<p>Skj\u00e6refj\u00f8l i eksklusiv valn\u00f8tt med innfelt hjortemotiv i lokal bj\u00f8rk.<\/p>\n<p>Denne fj\u00f8len er utstilt hos Hole Kj\u00f8tt AS i \u00c5lesund og kan sees og kj\u00f8pes der. Den kan ogs\u00e5 bestilles i nettbutikken som vanlig.<\/p>\n","protected":false},"excerpt":{"rendered":"<p>Skj\u00e6refj\u00f8l i eksklusiv valn\u00f8tt med innfelt hjortemotiv i lokal bj\u00f8rk. Denne fj\u00f8len er utstilt hos Hole Kj\u00f8tt AS i \u00c5lesund og kan sees og kj\u00f8pes der. Den kan ogs\u00e5 bestilles i nettbutikken som vanlig.<\/p>\n","protected":false},"featured_media":697,"comment_status":"open","ping_status":"closed","template":"","meta":[],"product_brand":[],"product_cat":[19,60],"product_tag":[29,38,37,53],"class_list":{"0":"post-597","1":"product","2":"type-product","3":"status-publish","4":"has-post-thumbnail","6":"product_cat-interiorprodukter","7":"product_cat-skjaerefjol","8":"product_tag-bjork","9":"product_tag-endeved","10":"product_tag-skjaerefjol","11":"product_tag-valnott","13":"first","14":"instock","15":"featured","16":"taxable","17":"shipping-taxable","18":"purchasable","19":"product-type-simple"},"_links":{"self":[{"href":"https:\/\/www.treogsant.no\/index.php\/wp-json\/wp\/v2\/product\/597","targetHints":{"allow":["GET"]}}],"collection":[{"href":"https:\/\/www.treogsant.no\/index.php\/wp-json\/wp\/v2\/product"}],"about":[{"href":"https:\/\/www.treogsant.no\/index.php\/wp-json\/wp\/v2\/types\/product"}],"replies":[{"embeddable":true,"href":"https:\/\/www.treogsant.no\/index.php\/wp-json\/wp\/v2\/comments?post=597"}],"wp:featuredmedia":[{"embeddable":true,"href":"https:\/\/www.treogsant.no\/index.php\/wp-json\/wp\/v2\/media\/697"}],"wp:attachment":[{"href":"https:\/\/www.treogsant.no\/index.php\/wp-json\/wp\/v2\/media?parent=597"}],"wp:term":[{"taxonomy":"product_brand","embeddable":true,"href":"https:\/\/www.treogsant.no\/index.php\/wp-json\/wp\/v2\/product_brand?post=597"},{"taxonomy":"product_cat","embeddable":true,"href":"https:\/\/www.treogsant.no\/index.php\/wp-json\/wp\/v2\/product_cat?post=597"},{"taxonomy":"product_tag","embeddable":true,"href":"https:\/\/www.treogsant.no\/index.php\/wp-json\/wp\/v2\/product_tag?post=597"}],"curies":[{"name":"wp","href":"https:\/\/api.w.org\/{rel}","templated":true}]}}