{"id":663,"date":"2025-10-12T15:19:30","date_gmt":"2025-10-12T13:19:30","guid":{"rendered":"https:\/\/www.treogsant.no\/?page_id=663"},"modified":"2025-10-12T22:21:23","modified_gmt":"2025-10-12T20:21:23","slug":"skjenk-i-sapevasket-ask","status":"publish","type":"page","link":"https:\/\/www.treogsant.no\/index.php\/noen-av-vare-prosjekter\/mobler\/skjenk-i-sapevasket-ask\/","title":{"rendered":"Skjenk i s\u00e5pevasket ask"},"content":{"rendered":"\n<h2 class=\"wp-block-heading\">Skjenk i s\u00e5pevasket ask<\/h2>\n\n\n\n<div class=\"wp-block-media-text is-stacked-on-mobile has-white-color has-text-color has-link-color wp-elements-ecf8924d9a5cebfffba2781c2c4baf9d\" style=\"grid-template-columns:56% auto\"><figure class=\"wp-block-media-text__media\"><img loading=\"lazy\" decoding=\"async\" width=\"766\" height=\"529\" src=\"https:\/\/www.treogsant.no\/wp-content\/uploads\/2025\/10\/Skjenk-i-ask-apent-skap.jpg\" alt=\"Skjenk i s\u00e5pevasket ask med \u00e5pne skapd\u00f8rer\" class=\"wp-image-666 size-full\" srcset=\"https:\/\/www.treogsant.no\/wp-content\/uploads\/2025\/10\/Skjenk-i-ask-apent-skap.jpg 766w, https:\/\/www.treogsant.no\/wp-content\/uploads\/2025\/10\/Skjenk-i-ask-apent-skap-300x207.jpg 300w, https:\/\/www.treogsant.no\/wp-content\/uploads\/2025\/10\/Skjenk-i-ask-apent-skap-600x414.jpg 600w\" sizes=\"auto, (max-width: 766px) 100vw, 766px\" \/><\/figure><div class=\"wp-block-media-text__content\">\n<p class=\"has-cyan-bluish-gray-color has-text-color has-link-color wp-elements-b42beab2dc0285966239b2e033d299f5\">Skjenk i s\u00e5pevasket ask med godt med oppbevaringsplass i tre skap og tre skuffer med h\u00e5ndtakl\u00f8s trykk-\u00e5pning<\/p>\n<\/div><\/div>\n\n\n\n<div class=\"wp-block-columns is-layout-flex wp-container-core-columns-is-layout-9d6595d7 wp-block-columns-is-layout-flex\">\n<div class=\"wp-block-column is-layout-flow wp-block-column-is-layout-flow\" style=\"flex-basis:100%\">\n<figure class=\"wp-block-gallery has-nested-images columns-default is-cropped wp-block-gallery-1 is-layout-flex wp-block-gallery-is-layout-flex\">\n<figure class=\"wp-block-image size-full is-style-default\"><img loading=\"lazy\" decoding=\"async\" width=\"920\" height=\"686\" data-id=\"665\" src=\"https:\/\/www.treogsant.no\/wp-content\/uploads\/2025\/10\/Skjenk-i-ask-apen.jpg\" alt=\"Skjenk i s\u00e5pevasket ask med \u00e5pne skapd\u00f8rer og skuffe\" class=\"wp-image-665\" srcset=\"https:\/\/www.treogsant.no\/wp-content\/uploads\/2025\/10\/Skjenk-i-ask-apen.jpg 920w, https:\/\/www.treogsant.no\/wp-content\/uploads\/2025\/10\/Skjenk-i-ask-apen-300x224.jpg 300w, https:\/\/www.treogsant.no\/wp-content\/uploads\/2025\/10\/Skjenk-i-ask-apen-768x573.jpg 768w, https:\/\/www.treogsant.no\/wp-content\/uploads\/2025\/10\/Skjenk-i-ask-apen-600x447.jpg 600w\" sizes=\"auto, (max-width: 920px) 100vw, 920px\" \/><figcaption class=\"wp-element-caption\">Skjenk i s\u00e5pevasket ask med \u00e5pne skapd\u00f8rer og skuffe<\/figcaption><\/figure>\n<\/figure>\n<\/div>\n\n\n\n<div class=\"wp-block-column is-layout-flow wp-block-column-is-layout-flow\"><\/div>\n<\/div>\n\n\n\n<p><\/p>\n\n\n\n<p><\/p>\n","protected":false},"excerpt":{"rendered":"<p>Skjenk i s\u00e5pevasket ask Skjenk i s\u00e5pevasket ask med godt med oppbevaringsplass i tre skap og tre skuffer med h\u00e5ndtakl\u00f8s trykk-\u00e5pning<\/p>\n","protected":false},"author":1,"featured_media":664,"parent":661,"menu_order":0,"comment_status":"closed","ping_status":"closed","template":"","meta":{"footnotes":""},"class_list":["post-663","page","type-page","status-publish","has-post-thumbnail","hentry"],"_links":{"self":[{"href":"https:\/\/www.treogsant.no\/index.php\/wp-json\/wp\/v2\/pages\/663","targetHints":{"allow":["GET"]}}],"collection":[{"href":"https:\/\/www.treogsant.no\/index.php\/wp-json\/wp\/v2\/pages"}],"about":[{"href":"https:\/\/www.treogsant.no\/index.php\/wp-json\/wp\/v2\/types\/page"}],"author":[{"embeddable":true,"href":"https:\/\/www.treogsant.no\/index.php\/wp-json\/wp\/v2\/users\/1"}],"replies":[{"embeddable":true,"href":"https:\/\/www.treogsant.no\/index.php\/wp-json\/wp\/v2\/comments?post=663"}],"version-history":[{"count":4,"href":"https:\/\/www.treogsant.no\/index.php\/wp-json\/wp\/v2\/pages\/663\/revisions"}],"predecessor-version":[{"id":702,"href":"https:\/\/www.treogsant.no\/index.php\/wp-json\/wp\/v2\/pages\/663\/revisions\/702"}],"up":[{"embeddable":true,"href":"https:\/\/www.treogsant.no\/index.php\/wp-json\/wp\/v2\/pages\/661"}],"wp:featuredmedia":[{"embeddable":true,"href":"https:\/\/www.treogsant.no\/index.php\/wp-json\/wp\/v2\/media\/664"}],"wp:attachment":[{"href":"https:\/\/www.treogsant.no\/index.php\/wp-json\/wp\/v2\/media?parent=663"}],"curies":[{"name":"wp","href":"https:\/\/api.w.org\/{rel}","templated":true}]}}