{"id":503,"date":"2024-12-05T18:48:27","date_gmt":"2024-12-05T17:48:27","guid":{"rendered":"https:\/\/www.treogsant.no\/?page_id=503"},"modified":"2025-10-09T16:23:47","modified_gmt":"2025-10-09T14:23:47","slug":"badeinnredning-i-rokt-eik-med-speilskap","status":"publish","type":"page","link":"https:\/\/www.treogsant.no\/index.php\/noen-av-vare-prosjekter\/bad\/badeinnredning-i-rokt-eik-med-speilskap\/","title":{"rendered":"Badeinnredning i r\u00f8kt eik med speilskap"},"content":{"rendered":"\n<h2 class=\"wp-block-heading\">Badeinnredning i r\u00f8kt eik med speilskap<\/h2>\n\n\n\n<div class=\"wp-block-media-text is-stacked-on-mobile\" style=\"grid-template-columns:59% auto\"><figure class=\"wp-block-media-text__media\"><img loading=\"lazy\" decoding=\"async\" width=\"1024\" height=\"681\" src=\"https:\/\/www.treogsant.no\/wp-content\/uploads\/2024\/12\/Baderomsinnredning-rokt-eikXX-1024x681.jpg\" alt=\"Badeinnredning med plate, fronter og speilskap i r\u00f8kt eik.\n\nEn glassplate beskytter skapet mot s\u00f8l fra badekaret.\n\nFire store dype skuffer med trykk\u00e5pning gir mye plass til oppbevaring, og LED-striper under skapene gir fint lys til rommet.\" class=\"wp-image-514 size-full\" srcset=\"https:\/\/www.treogsant.no\/wp-content\/uploads\/2024\/12\/Baderomsinnredning-rokt-eikXX-1024x681.jpg 1024w, https:\/\/www.treogsant.no\/wp-content\/uploads\/2024\/12\/Baderomsinnredning-rokt-eikXX-300x199.jpg 300w, https:\/\/www.treogsant.no\/wp-content\/uploads\/2024\/12\/Baderomsinnredning-rokt-eikXX-768x510.jpg 768w, https:\/\/www.treogsant.no\/wp-content\/uploads\/2024\/12\/Baderomsinnredning-rokt-eikXX-600x399.jpg 600w, https:\/\/www.treogsant.no\/wp-content\/uploads\/2024\/12\/Baderomsinnredning-rokt-eikXX.jpg 1500w\" sizes=\"auto, (max-width: 1024px) 100vw, 1024px\" \/><\/figure><div class=\"wp-block-media-text__content\">\n<p>Badeinnredning med plate, fronter og speilskap i r\u00f8kt eik.<\/p>\n\n\n\n<p>En glassplate beskytter skapet mot s\u00f8l fra badekaret.<\/p>\n\n\n\n<p>Fire store dype skuffer med trykk\u00e5pning gir mye plass til oppbevaring, og LED-striper under skapene gir fint lys til rommet.<\/p>\n<\/div><\/div>\n\n\n\n<figure class=\"wp-block-image size-large\"><img loading=\"lazy\" decoding=\"async\" width=\"1024\" height=\"681\" src=\"https:\/\/www.treogsant.no\/wp-content\/uploads\/2024\/12\/Baderomsinnredning-rokt-eik-servantskapX-1024x681.jpg\" alt=\"Badeinnredning med plate, fronter og speilskap i r\u00f8kt eik.\n\nEn glassplate beskytter skapet mot s\u00f8l fra badekaret.\n\nFire store dype skuffer med trykk\u00e5pning gir mye plass til oppbevaring, og LED-striper under skapene gir fint lys til rommet.\" class=\"wp-image-515\" srcset=\"https:\/\/www.treogsant.no\/wp-content\/uploads\/2024\/12\/Baderomsinnredning-rokt-eik-servantskapX-1024x681.jpg 1024w, https:\/\/www.treogsant.no\/wp-content\/uploads\/2024\/12\/Baderomsinnredning-rokt-eik-servantskapX-300x199.jpg 300w, https:\/\/www.treogsant.no\/wp-content\/uploads\/2024\/12\/Baderomsinnredning-rokt-eik-servantskapX-768x510.jpg 768w, https:\/\/www.treogsant.no\/wp-content\/uploads\/2024\/12\/Baderomsinnredning-rokt-eik-servantskapX-600x399.jpg 600w, https:\/\/www.treogsant.no\/wp-content\/uploads\/2024\/12\/Baderomsinnredning-rokt-eik-servantskapX.jpg 1500w\" sizes=\"auto, (max-width: 1024px) 100vw, 1024px\" \/><\/figure>\n\n\n\n<p><\/p>\n","protected":false},"excerpt":{"rendered":"<p>Badeinnredning i r\u00f8kt eik med speilskap Badeinnredning med plate, fronter og speilskap i r\u00f8kt eik. En glassplate beskytter skapet mot s\u00f8l fra badekaret. Fire store dype skuffer med trykk\u00e5pning gir mye plass til oppbevaring, og LED-striper under skapene gir fint lys til rommet.<\/p>\n","protected":false},"author":1,"featured_media":49,"parent":625,"menu_order":0,"comment_status":"closed","ping_status":"closed","template":"","meta":{"footnotes":""},"class_list":["post-503","page","type-page","status-publish","has-post-thumbnail","hentry"],"_links":{"self":[{"href":"https:\/\/www.treogsant.no\/index.php\/wp-json\/wp\/v2\/pages\/503","targetHints":{"allow":["GET"]}}],"collection":[{"href":"https:\/\/www.treogsant.no\/index.php\/wp-json\/wp\/v2\/pages"}],"about":[{"href":"https:\/\/www.treogsant.no\/index.php\/wp-json\/wp\/v2\/types\/page"}],"author":[{"embeddable":true,"href":"https:\/\/www.treogsant.no\/index.php\/wp-json\/wp\/v2\/users\/1"}],"replies":[{"embeddable":true,"href":"https:\/\/www.treogsant.no\/index.php\/wp-json\/wp\/v2\/comments?post=503"}],"version-history":[{"count":5,"href":"https:\/\/www.treogsant.no\/index.php\/wp-json\/wp\/v2\/pages\/503\/revisions"}],"predecessor-version":[{"id":532,"href":"https:\/\/www.treogsant.no\/index.php\/wp-json\/wp\/v2\/pages\/503\/revisions\/532"}],"up":[{"embeddable":true,"href":"https:\/\/www.treogsant.no\/index.php\/wp-json\/wp\/v2\/pages\/625"}],"wp:featuredmedia":[{"embeddable":true,"href":"https:\/\/www.treogsant.no\/index.php\/wp-json\/wp\/v2\/media\/49"}],"wp:attachment":[{"href":"https:\/\/www.treogsant.no\/index.php\/wp-json\/wp\/v2\/media?parent=503"}],"curies":[{"name":"wp","href":"https:\/\/api.w.org\/{rel}","templated":true}]}}